{"id":408,"date":"2025-08-21T10:21:40","date_gmt":"2025-08-21T08:21:40","guid":{"rendered":"https:\/\/drivexperts.nl\/?page_id=408"},"modified":"2025-08-31T19:57:59","modified_gmt":"2025-08-31T17:57:59","slug":"driving-school","status":"publish","type":"page","link":"https:\/\/drivexperts.nl\/de\/driving-school\/","title":{"rendered":"Fahrschule"},"content":{"rendered":"<div data-elementor-type=\"wp-page\" data-elementor-id=\"408\" class=\"elementor elementor-408\" data-elementor-post-type=\"page\">\n\t\t\t\t<div class=\"elementor-element elementor-element-2af23f7c e-flex e-con-boxed e-con e-parent\" data-id=\"2af23f7c\" data-element_type=\"container\" data-e-type=\"container\" data-settings=\"{&quot;background_background&quot;:&quot;classic&quot;,&quot;jet_parallax_layout_list&quot;:[]}\">\n\t\t\t\t\t<div class=\"e-con-inner\">\n\t\t\t\t<div class=\"elementor-element elementor-element-6823d367 elementor-invisible elementor-widget elementor-widget-heading\" data-id=\"6823d367\" data-element_type=\"widget\" data-e-type=\"widget\" data-settings=\"{&quot;_animation&quot;:&quot;fadeInUp&quot;}\" data-widget_type=\"heading.default\">\n\t\t\t\t<div class=\"elementor-widget-container\">\n\t\t\t\t\t<h2 class=\"elementor-heading-title elementor-size-default\">\u00dcber uns<\/h2>\t\t\t\t<\/div>\n\t\t\t\t<\/div>\n\t\t\t\t\t<\/div>\n\t\t\t\t<\/div>\n\t\t<div class=\"elementor-element elementor-element-6a446939 e-flex e-con-boxed e-con e-parent\" data-id=\"6a446939\" data-element_type=\"container\" data-e-type=\"container\" data-settings=\"{&quot;jet_parallax_layout_list&quot;:[]}\">\n\t\t\t\t\t<div class=\"e-con-inner\">\n\t\t<div class=\"elementor-element elementor-element-488748ea e-con-full e-flex e-con e-child\" data-id=\"488748ea\" data-element_type=\"container\" data-e-type=\"container\" data-settings=\"{&quot;background_background&quot;:&quot;classic&quot;,&quot;jet_parallax_layout_list&quot;:[]}\">\n\t\t\t\t<\/div>\n\t\t<div class=\"elementor-element elementor-element-420d1b7b e-con-full e-flex e-con e-child\" data-id=\"420d1b7b\" data-element_type=\"container\" data-e-type=\"container\" data-settings=\"{&quot;jet_parallax_layout_list&quot;:[]}\">\n\t\t\t\t<div class=\"elementor-element elementor-element-433d0b5a elementor-invisible elementor-widget elementor-widget-text-editor\" data-id=\"433d0b5a\" data-element_type=\"widget\" data-e-type=\"widget\" data-settings=\"{&quot;_animation&quot;:&quot;fadeInUp&quot;}\" data-widget_type=\"text-editor.default\">\n\t\t\t\t<div class=\"elementor-widget-container\">\n\t\t\t\t\t\t\t\t\t<p>Fahrschule<\/p>\t\t\t\t\t\t\t\t<\/div>\n\t\t\t\t<\/div>\n\t\t\t\t<div class=\"elementor-element elementor-element-16e7852b elementor-invisible elementor-widget elementor-widget-heading\" data-id=\"16e7852b\" data-element_type=\"widget\" data-e-type=\"widget\" data-settings=\"{&quot;_animation&quot;:&quot;fadeInUp&quot;,&quot;_animation_delay&quot;:200}\" data-widget_type=\"heading.default\">\n\t\t\t\t<div class=\"elementor-widget-container\">\n\t\t\t\t\t<h2 class=\"elementor-heading-title elementor-size-default\">Ihr Ausbilder<\/h2>\t\t\t\t<\/div>\n\t\t\t\t<\/div>\n\t\t\t\t<div class=\"elementor-element elementor-element-5d8ad53e elementor-invisible elementor-widget elementor-widget-text-editor\" data-id=\"5d8ad53e\" data-element_type=\"widget\" data-e-type=\"widget\" data-settings=\"{&quot;_animation&quot;:&quot;fadeInUp&quot;,&quot;_animation_delay&quot;:400}\" data-widget_type=\"text-editor.default\">\n\t\t\t\t<div class=\"elementor-widget-container\">\n\t\t\t\t\t\t\t\t\t<p>Lernen Sie Johan kennen, Ihren weltgewandten Fahrlehrer bei DriveXperts! Ein echter Globetrotter, Johan hat fast 25 Jahre im Ausland verbracht und sich in verschiedene afrikanische und asiatische Kulturen eingetaucht. Seine Abenteuer rund um die Welt haben ihm eine einzigartige Perspektive und ein tiefes Verst\u00e4ndnis f\u00fcr die Herausforderungen internationaler Studenten vermittelt, wenn sie die niederl\u00e4ndische Art des Fahrens lernen.<\/p><p>Locker und geduldig macht Johan jede Fahrstunde spa\u00dfig<strong>, <\/strong>entspannt<strong>, <\/strong>und stressfrei. Derzeit unterrichtet er Sch\u00fcler aus 18 verschiedenen Nationalit\u00e4ten und gibt etwa 85% seiner Stunden auf Englisch \u2013 so f\u00fchlen Sie sich immer wohl und verstanden. Er denkt und tr\u00e4umt sogar auf Englisch! Mit Johan am Steuer ist das Lernen bei DriveXperts nicht einfach nur eine Fahrstunde \u2013 es ist ein internationales Erlebnis auf niederl\u00e4ndischen Stra\u00dfen.<\/p>\t\t\t\t\t\t\t\t<\/div>\n\t\t\t\t<\/div>\n\t\t\t\t<\/div>\n\t\t\t\t\t<\/div>\n\t\t\t\t<\/div>\n\t\t<div class=\"elementor-element elementor-element-58fe93c4 e-flex e-con-boxed e-con e-parent\" data-id=\"58fe93c4\" data-element_type=\"container\" data-e-type=\"container\" data-settings=\"{&quot;jet_parallax_layout_list&quot;:[]}\">\n\t\t\t\t\t<div class=\"e-con-inner\">\n\t\t<div class=\"elementor-element elementor-element-4c7c4897 e-con-full e-flex e-con e-child\" data-id=\"4c7c4897\" data-element_type=\"container\" data-e-type=\"container\" data-settings=\"{&quot;jet_parallax_layout_list&quot;:[]}\">\n\t\t\t\t<div class=\"elementor-element elementor-element-5167c537 elementor-invisible elementor-widget elementor-widget-text-editor\" data-id=\"5167c537\" data-element_type=\"widget\" data-e-type=\"widget\" data-settings=\"{&quot;_animation&quot;:&quot;fadeInUp&quot;}\" data-widget_type=\"text-editor.default\">\n\t\t\t\t<div class=\"elementor-widget-container\">\n\t\t\t\t\t\t\t\t\t<p>Dein Fahrschulauto<\/p>\t\t\t\t\t\t\t\t<\/div>\n\t\t\t\t<\/div>\n\t\t\t\t<div class=\"elementor-element elementor-element-6079872a elementor-invisible elementor-widget elementor-widget-heading\" data-id=\"6079872a\" data-element_type=\"widget\" data-e-type=\"widget\" data-settings=\"{&quot;_animation&quot;:&quot;fadeInUp&quot;,&quot;_animation_delay&quot;:200}\" data-widget_type=\"heading.default\">\n\t\t\t\t<div class=\"elementor-widget-container\">\n\t\t\t\t\t<h2 class=\"elementor-heading-title elementor-size-default\">Warum der SEAT Ibiza 2024 das perfekte Fahrschulauto in Maastricht ist<\/h2>\t\t\t\t<\/div>\n\t\t\t\t<\/div>\n\t\t\t\t<div class=\"elementor-element elementor-element-a57c303 elementor-widget elementor-widget-text-editor\" data-id=\"a57c303\" data-element_type=\"widget\" data-e-type=\"widget\" data-widget_type=\"text-editor.default\">\n\t\t\t\t<div class=\"elementor-widget-container\">\n\t\t\t\t\t\t\t\t\t<p>Die Wahl des richtigen Fahrschulwagens ist entscheidend f\u00fcr die Sicherheit und das Lernerlebnis der Sch\u00fcler. Dies sind die Gr\u00fcnde, warum der SEAT Ibiza 2024 zu den besten Autos f\u00fcr Fahrschulen geh\u00f6rt.<\/p>\t\t\t\t\t\t\t\t<\/div>\n\t\t\t\t<\/div>\n\t\t<div class=\"elementor-element elementor-element-437acf08 e-con-full e-grid e-con e-child\" data-id=\"437acf08\" data-element_type=\"container\" data-e-type=\"container\" data-settings=\"{&quot;jet_parallax_layout_list&quot;:[]}\">\n\t\t<div class=\"elementor-element elementor-element-6538e79a e-con-full e-flex elementor-invisible e-con e-child\" data-id=\"6538e79a\" data-element_type=\"container\" data-e-type=\"container\" data-settings=\"{&quot;background_background&quot;:&quot;classic&quot;,&quot;animation&quot;:&quot;fadeInUp&quot;,&quot;jet_parallax_layout_list&quot;:[]}\">\n\t\t\t\t<div class=\"elementor-element elementor-element-21c638d6 elementor-widget elementor-widget-image\" data-id=\"21c638d6\" data-element_type=\"widget\" data-e-type=\"widget\" data-widget_type=\"image.default\">\n\t\t\t\t<div class=\"elementor-widget-container\">\n\t\t\t\t\t\t\t\t\t\t\t\t\t\t\t<img fetchpriority=\"high\" decoding=\"async\" width=\"538\" height=\"539\" src=\"https:\/\/drivexperts.nl\/wp-content\/uploads\/2025\/08\/Asset-5.png\" class=\"attachment-full size-full wp-image-422\" alt=\"\" srcset=\"https:\/\/drivexperts.nl\/wp-content\/uploads\/2025\/08\/Asset-5.png 538w, https:\/\/drivexperts.nl\/wp-content\/uploads\/2025\/08\/Asset-5-300x300.png 300w, https:\/\/drivexperts.nl\/wp-content\/uploads\/2025\/08\/Asset-5-150x150.png 150w\" sizes=\"(max-width: 538px) 100vw, 538px\" title=\"\">\t\t\t\t\t\t\t\t\t\t\t\t\t\t\t<\/div>\n\t\t\t\t<\/div>\n\t\t\t\t<div class=\"elementor-element elementor-element-4da3a366 elementor-widget elementor-widget-icon-box\" data-id=\"4da3a366\" data-element_type=\"widget\" data-e-type=\"widget\" data-widget_type=\"icon-box.default\">\n\t\t\t\t<div class=\"elementor-widget-container\">\n\t\t\t\t\t\t\t<div class=\"elementor-icon-box-wrapper\">\n\n\t\t\t\n\t\t\t\t\t\t<div class=\"elementor-icon-box-content\">\n\n\t\t\t\t\t\t\t\t\t<h3 class=\"elementor-icon-box-title\">\n\t\t\t\t\t\t<span  >\n\t\t\t\t\t\t\tKompakte Gr\u00f6\u00dfe und einfache Man\u00f6vrierbarkeit\t\t\t\t\t\t<\/span>\n\t\t\t\t\t<\/h3>\n\t\t\t\t\n\t\t\t\t\t\t\t\t\t<p class=\"elementor-icon-box-description\">\n\t\t\t\t\t\tDer SEAT Ibiza 2024 ist ein kompaktes Fahrschulauto, das besonders leicht zu fahren ist \u2013 ideal f\u00fcr Fahranf\u00e4nger. Geringe Gr\u00f6\u00dfe, hervorragende Sicht und kleiner Wendekreis machen ihn perfekt f\u00fcr Stadtverkehr, Einpark\u00fcbungen und das \u00dcben grundlegender Fahrman\u00f6ver \u2013 alles wichtige Bestandteile einer Fahrpr\u00fcfung.\t\t\t\t\t<\/p>\n\t\t\t\t\n\t\t\t<\/div>\n\t\t\t\n\t\t<\/div>\n\t\t\t\t\t\t<\/div>\n\t\t\t\t<\/div>\n\t\t\t\t<\/div>\n\t\t<div class=\"elementor-element elementor-element-399198b5 e-con-full e-flex elementor-invisible e-con e-child\" data-id=\"399198b5\" data-element_type=\"container\" data-e-type=\"container\" data-settings=\"{&quot;background_background&quot;:&quot;classic&quot;,&quot;animation&quot;:&quot;fadeInUp&quot;,&quot;animation_delay&quot;:200,&quot;jet_parallax_layout_list&quot;:[]}\">\n\t\t\t\t<div class=\"elementor-element elementor-element-bf48c05 elementor-widget elementor-widget-image\" data-id=\"bf48c05\" data-element_type=\"widget\" data-e-type=\"widget\" data-widget_type=\"image.default\">\n\t\t\t\t<div class=\"elementor-widget-container\">\n\t\t\t\t\t\t\t\t\t\t\t\t\t\t\t<img decoding=\"async\" width=\"538\" height=\"539\" src=\"https:\/\/drivexperts.nl\/wp-content\/uploads\/2025\/08\/Asset-4-1.png\" class=\"attachment-full size-full wp-image-421\" alt=\"\" srcset=\"https:\/\/drivexperts.nl\/wp-content\/uploads\/2025\/08\/Asset-4-1.png 538w, https:\/\/drivexperts.nl\/wp-content\/uploads\/2025\/08\/Asset-4-1-300x300.png 300w, https:\/\/drivexperts.nl\/wp-content\/uploads\/2025\/08\/Asset-4-1-150x150.png 150w\" sizes=\"(max-width: 538px) 100vw, 538px\" title=\"\">\t\t\t\t\t\t\t\t\t\t\t\t\t\t\t<\/div>\n\t\t\t\t<\/div>\n\t\t\t\t<div class=\"elementor-element elementor-element-31972e69 elementor-widget elementor-widget-icon-box\" data-id=\"31972e69\" data-element_type=\"widget\" data-e-type=\"widget\" data-widget_type=\"icon-box.default\">\n\t\t\t\t<div class=\"elementor-widget-container\">\n\t\t\t\t\t\t\t<div class=\"elementor-icon-box-wrapper\">\n\n\t\t\t\n\t\t\t\t\t\t<div class=\"elementor-icon-box-content\">\n\n\t\t\t\t\t\t\t\t\t<h3 class=\"elementor-icon-box-title\">\n\t\t\t\t\t\t<span  >\n\t\t\t\t\t\t\tFortschrittliche Sicherheitsfunktionen\t\t\t\t\t\t<\/span>\n\t\t\t\t\t<\/h3>\n\t\t\t\t\n\t\t\t\t\t\t\t\t\t<p class=\"elementor-icon-box-description\">\n\t\t\t\t\t\tSicherheit hat oberste Priorit\u00e4t f\u00fcr Fahrschulen. Der Ibiza ist mit modernen Fahrerassistenzsystemen ausgestattet, wie Spurhalteassistent, autonomer Notbremsassistent, Einparksensoren und M\u00fcdigkeitserkennung, um sowohl Fahrsch\u00fcler als auch Fahrlehrer zu sch\u00fctzen.\t\t\t\t\t<\/p>\n\t\t\t\t\n\t\t\t<\/div>\n\t\t\t\n\t\t<\/div>\n\t\t\t\t\t\t<\/div>\n\t\t\t\t<\/div>\n\t\t\t\t<\/div>\n\t\t<div class=\"elementor-element elementor-element-928b147 e-con-full e-flex elementor-invisible e-con e-child\" data-id=\"928b147\" data-element_type=\"container\" data-e-type=\"container\" data-settings=\"{&quot;background_background&quot;:&quot;classic&quot;,&quot;animation&quot;:&quot;fadeInUp&quot;,&quot;animation_delay&quot;:400,&quot;jet_parallax_layout_list&quot;:[]}\">\n\t\t\t\t<div class=\"elementor-element elementor-element-c5e12a6 elementor-widget elementor-widget-image\" data-id=\"c5e12a6\" data-element_type=\"widget\" data-e-type=\"widget\" data-widget_type=\"image.default\">\n\t\t\t\t<div class=\"elementor-widget-container\">\n\t\t\t\t\t\t\t\t\t\t\t\t\t\t\t<img decoding=\"async\" width=\"538\" height=\"538\" src=\"https:\/\/drivexperts.nl\/wp-content\/uploads\/2025\/08\/Asset-3-1.png\" class=\"attachment-full size-full wp-image-420\" alt=\"\" srcset=\"https:\/\/drivexperts.nl\/wp-content\/uploads\/2025\/08\/Asset-3-1.png 538w, https:\/\/drivexperts.nl\/wp-content\/uploads\/2025\/08\/Asset-3-1-300x300.png 300w, https:\/\/drivexperts.nl\/wp-content\/uploads\/2025\/08\/Asset-3-1-150x150.png 150w\" sizes=\"(max-width: 538px) 100vw, 538px\" title=\"\">\t\t\t\t\t\t\t\t\t\t\t\t\t\t\t<\/div>\n\t\t\t\t<\/div>\n\t\t\t\t<div class=\"elementor-element elementor-element-5e03ff34 elementor-widget elementor-widget-icon-box\" data-id=\"5e03ff34\" data-element_type=\"widget\" data-e-type=\"widget\" data-widget_type=\"icon-box.default\">\n\t\t\t\t<div class=\"elementor-widget-container\">\n\t\t\t\t\t\t\t<div class=\"elementor-icon-box-wrapper\">\n\n\t\t\t\n\t\t\t\t\t\t<div class=\"elementor-icon-box-content\">\n\n\t\t\t\t\t\t\t\t\t<h3 class=\"elementor-icon-box-title\">\n\t\t\t\t\t\t<span  >\n\t\t\t\t\t\t\tBenutzerfreundliches Interieur und moderne Technik\t\t\t\t\t\t<\/span>\n\t\t\t\t\t<\/h3>\n\t\t\t\t\n\t\t\t\t\t\t\t\t\t<p class=\"elementor-icon-box-description\">\n\t\t\t\t\t\tDas Interieur des SEAT Ibiza 2024 ist \u00fcbersichtlich, mit digitalem Cockpit, Touchscreen, Apple CarPlay und Android Auto. Fahrsch\u00fcler lernen moderne Automobiltechnologie in einer sicheren, ablenkungsfreien Umgebung kennen.\t\t\t\t\t<\/p>\n\t\t\t\t\n\t\t\t<\/div>\n\t\t\t\n\t\t<\/div>\n\t\t\t\t\t\t<\/div>\n\t\t\t\t<\/div>\n\t\t\t\t<\/div>\n\t\t<div class=\"elementor-element elementor-element-4f12349 e-con-full e-flex elementor-invisible e-con e-child\" data-id=\"4f12349\" data-element_type=\"container\" data-e-type=\"container\" data-settings=\"{&quot;background_background&quot;:&quot;classic&quot;,&quot;animation&quot;:&quot;fadeInUp&quot;,&quot;animation_delay&quot;:400,&quot;jet_parallax_layout_list&quot;:[]}\">\n\t\t\t\t<div class=\"elementor-element elementor-element-2b24661 elementor-widget elementor-widget-image\" data-id=\"2b24661\" data-element_type=\"widget\" data-e-type=\"widget\" data-widget_type=\"image.default\">\n\t\t\t\t<div class=\"elementor-widget-container\">\n\t\t\t\t\t\t\t\t\t\t\t\t\t\t\t<img loading=\"lazy\" decoding=\"async\" width=\"539\" height=\"538\" src=\"https:\/\/drivexperts.nl\/wp-content\/uploads\/2025\/08\/Asset-2-1.png\" class=\"attachment-full size-full wp-image-419\" alt=\"\" srcset=\"https:\/\/drivexperts.nl\/wp-content\/uploads\/2025\/08\/Asset-2-1.png 539w, https:\/\/drivexperts.nl\/wp-content\/uploads\/2025\/08\/Asset-2-1-300x300.png 300w, https:\/\/drivexperts.nl\/wp-content\/uploads\/2025\/08\/Asset-2-1-150x150.png 150w\" sizes=\"(max-width: 539px) 100vw, 539px\" title=\"\">\t\t\t\t\t\t\t\t\t\t\t\t\t\t\t<\/div>\n\t\t\t\t<\/div>\n\t\t\t\t<div class=\"elementor-element elementor-element-4cda585 elementor-widget elementor-widget-icon-box\" data-id=\"4cda585\" data-element_type=\"widget\" data-e-type=\"widget\" data-widget_type=\"icon-box.default\">\n\t\t\t\t<div class=\"elementor-widget-container\">\n\t\t\t\t\t\t\t<div class=\"elementor-icon-box-wrapper\">\n\n\t\t\t\n\t\t\t\t\t\t<div class=\"elementor-icon-box-content\">\n\n\t\t\t\t\t\t\t\t\t<h3 class=\"elementor-icon-box-title\">\n\t\t\t\t\t\t<span  >\n\t\t\t\t\t\t\tPreiswert, stilvoll und professionell\t\t\t\t\t\t<\/span>\n\t\t\t\t\t<\/h3>\n\t\t\t\t\n\t\t\t\t\t\t\t\t\t<p class=\"elementor-icon-box-description\">\n\t\t\t\t\t\tDer SEAT Ibiza ist preiswert, stilvoll und sportlich \u2013 perfekt, um Ihrer Fahrschule ein modernes, professionelles Image zu verleihen, das junge Fahrer und deren Eltern anspricht.\t\t\t\t\t<\/p>\n\t\t\t\t\n\t\t\t<\/div>\n\t\t\t\n\t\t<\/div>\n\t\t\t\t\t\t<\/div>\n\t\t\t\t<\/div>\n\t\t\t\t<\/div>\n\t\t<div class=\"elementor-element elementor-element-2bc7ffb e-con-full e-flex elementor-invisible e-con e-child\" data-id=\"2bc7ffb\" data-element_type=\"container\" data-e-type=\"container\" data-settings=\"{&quot;background_background&quot;:&quot;classic&quot;,&quot;animation&quot;:&quot;fadeInUp&quot;,&quot;animation_delay&quot;:200,&quot;jet_parallax_layout_list&quot;:[]}\">\n\t\t\t\t<div class=\"elementor-element elementor-element-07dbe3c elementor-widget elementor-widget-image\" data-id=\"07dbe3c\" data-element_type=\"widget\" data-e-type=\"widget\" data-widget_type=\"image.default\">\n\t\t\t\t<div class=\"elementor-widget-container\">\n\t\t\t\t\t\t\t\t\t\t\t\t\t\t\t<img loading=\"lazy\" decoding=\"async\" width=\"2560\" height=\"1920\" src=\"https:\/\/drivexperts.nl\/wp-content\/uploads\/2025\/08\/IMG_0042-1.webp\" class=\"attachment-full size-full wp-image-637\" alt=\"\" srcset=\"https:\/\/drivexperts.nl\/wp-content\/uploads\/2025\/08\/IMG_0042-1.webp 2560w, https:\/\/drivexperts.nl\/wp-content\/uploads\/2025\/08\/IMG_0042-1-300x225.webp 300w, https:\/\/drivexperts.nl\/wp-content\/uploads\/2025\/08\/IMG_0042-1-1024x768.webp 1024w, https:\/\/drivexperts.nl\/wp-content\/uploads\/2025\/08\/IMG_0042-1-768x576.webp 768w, https:\/\/drivexperts.nl\/wp-content\/uploads\/2025\/08\/IMG_0042-1-1536x1152.webp 1536w, https:\/\/drivexperts.nl\/wp-content\/uploads\/2025\/08\/IMG_0042-1-2048x1536.webp 2048w\" sizes=\"(max-width: 2560px) 100vw, 2560px\" title=\"\">\t\t\t\t\t\t\t\t\t\t\t\t\t\t\t<\/div>\n\t\t\t\t<\/div>\n\t\t\t\t<\/div>\n\t\t\t\t<\/div>\n\t\t\t\t<\/div>\n\t\t\t\t\t<\/div>\n\t\t\t\t<\/div>\n\t\t<div class=\"elementor-element elementor-element-7cbb2ec7 e-flex e-con-boxed e-con e-parent\" data-id=\"7cbb2ec7\" data-element_type=\"container\" data-e-type=\"container\" data-settings=\"{&quot;background_background&quot;:&quot;classic&quot;,&quot;jet_parallax_layout_list&quot;:[]}\">\n\t\t\t\t\t<div class=\"e-con-inner\">\n\t\t<div class=\"elementor-element elementor-element-592ee334 e-con-full e-flex e-con e-child\" data-id=\"592ee334\" data-element_type=\"container\" data-e-type=\"container\" data-settings=\"{&quot;jet_parallax_layout_list&quot;:[]}\">\n\t\t\t\t<div class=\"elementor-element elementor-element-19681335 elementor-invisible elementor-widget elementor-widget-text-editor\" data-id=\"19681335\" data-element_type=\"widget\" data-e-type=\"widget\" data-settings=\"{&quot;_animation&quot;:&quot;fadeInUp&quot;}\" data-widget_type=\"text-editor.default\">\n\t\t\t\t<div class=\"elementor-widget-container\">\n\t\t\t\t\t\t\t\t\t<p>Starte jetzt<\/p>\t\t\t\t\t\t\t\t<\/div>\n\t\t\t\t<\/div>\n\t\t\t\t<div class=\"elementor-element elementor-element-58b4287d elementor-invisible elementor-widget elementor-widget-heading\" data-id=\"58b4287d\" data-element_type=\"widget\" data-e-type=\"widget\" data-settings=\"{&quot;_animation&quot;:&quot;fadeInUp&quot;,&quot;_animation_delay&quot;:200}\" data-widget_type=\"heading.default\">\n\t\t\t\t<div class=\"elementor-widget-container\">\n\t\t\t\t\t<h2 class=\"elementor-heading-title elementor-size-default\">Starte jetzt mit deinen Fahrstunden!<\/h2>\t\t\t\t<\/div>\n\t\t\t\t<\/div>\n\t\t\t\t<\/div>\n\t\t<div class=\"elementor-element elementor-element-79caf62b e-con-full e-flex e-con e-child\" data-id=\"79caf62b\" data-element_type=\"container\" data-e-type=\"container\" data-settings=\"{&quot;jet_parallax_layout_list&quot;:[]}\">\n\t\t\t\t<div class=\"elementor-element elementor-element-2c7f6e2e elementor-align-right elementor-mobile-align-center elementor-invisible elementor-widget elementor-widget-button\" data-id=\"2c7f6e2e\" data-element_type=\"widget\" data-e-type=\"widget\" data-settings=\"{&quot;_animation&quot;:&quot;fadeInUp&quot;,&quot;_animation_delay&quot;:600}\" data-widget_type=\"button.default\">\n\t\t\t\t<div class=\"elementor-widget-container\">\n\t\t\t\t\t\t\t\t\t<div class=\"elementor-button-wrapper\">\n\t\t\t\t\t<a class=\"elementor-button elementor-button-link elementor-size-sm\" href=\"https:\/\/drivexperts.nl\/de\/contact\/\">\n\t\t\t\t\t\t<span class=\"elementor-button-content-wrapper\">\n\t\t\t\t\t\t<span class=\"elementor-button-icon\">\n\t\t\t\t<i aria-hidden=\"true\" class=\"icon icon-right-arrow\"><\/i>\t\t\t<\/span>\n\t\t\t\t\t\t\t\t\t<span class=\"elementor-button-text\">Kontakt<\/span>\n\t\t\t\t\t<\/span>\n\t\t\t\t\t<\/a>\n\t\t\t\t<\/div>\n\t\t\t\t\t\t\t\t<\/div>\n\t\t\t\t<\/div>\n\t\t\t\t<\/div>\n\t\t\t\t\t<\/div>\n\t\t\t\t<\/div>\n\t\t\t\t<\/div>","protected":false},"excerpt":{"rendered":"<p>About Driving school Your Instructor Meet Johan, your world-savvy driving instructor at DriveXperts! A true globetrotter, Johan has spent nearly 25 years abroad, immersing himself in diverse African and Asian cultures. His adventures around the world have given him a unique perspective and a deep understanding of the challenges international students face when learning the [&hellip;]<\/p>\n","protected":false},"author":1,"featured_media":0,"parent":0,"menu_order":0,"comment_status":"closed","ping_status":"closed","template":"elementor_header_footer","meta":{"footnotes":""},"class_list":["post-408","page","type-page","status-publish","hentry"],"_links":{"self":[{"href":"https:\/\/drivexperts.nl\/de\/wp-json\/wp\/v2\/pages\/408","targetHints":{"allow":["GET"]}}],"collection":[{"href":"https:\/\/drivexperts.nl\/de\/wp-json\/wp\/v2\/pages"}],"about":[{"href":"https:\/\/drivexperts.nl\/de\/wp-json\/wp\/v2\/types\/page"}],"author":[{"embeddable":true,"href":"https:\/\/drivexperts.nl\/de\/wp-json\/wp\/v2\/users\/1"}],"replies":[{"embeddable":true,"href":"https:\/\/drivexperts.nl\/de\/wp-json\/wp\/v2\/comments?post=408"}],"version-history":[{"count":43,"href":"https:\/\/drivexperts.nl\/de\/wp-json\/wp\/v2\/pages\/408\/revisions"}],"predecessor-version":[{"id":733,"href":"https:\/\/drivexperts.nl\/de\/wp-json\/wp\/v2\/pages\/408\/revisions\/733"}],"wp:attachment":[{"href":"https:\/\/drivexperts.nl\/de\/wp-json\/wp\/v2\/media?parent=408"}],"curies":[{"name":"wp","href":"https:\/\/api.w.org\/{rel}","templated":true}]}}